{"id":71,"date":"2018-05-13T00:05:18","date_gmt":"2018-05-13T00:05:18","guid":{"rendered":"https:\/\/funeralesalmendral.cl\/SanFelipeAconcagua\/?page_id=71"},"modified":"2022-11-02T20:44:19","modified_gmt":"2022-11-03T00:44:19","slug":"obituario-diario","status":"publish","type":"page","link":"https:\/\/funeralesalmendral.cl\/SanFelipeAconcagua\/obituario-diario\/","title":{"rendered":"Obituario"},"content":{"rendered":"<p><img loading=\"lazy\" decoding=\"async\" class=\"alignnone wp-image-104 size-full\" src=\"https:\/\/funeralesalmendral.cl\/SanFelipeAconcagua\/wp-content\/uploads\/2018\/05\/TIT-OBITUARIO.jpg\" alt=\"\" width=\"2028\" height=\"550\" srcset=\"https:\/\/funeralesalmendral.cl\/SanFelipeAconcagua\/wp-content\/uploads\/2018\/05\/TIT-OBITUARIO.jpg 2028w, https:\/\/funeralesalmendral.cl\/SanFelipeAconcagua\/wp-content\/uploads\/2018\/05\/TIT-OBITUARIO-800x217.jpg 800w, https:\/\/funeralesalmendral.cl\/SanFelipeAconcagua\/wp-content\/uploads\/2018\/05\/TIT-OBITUARIO-300x81.jpg 300w, https:\/\/funeralesalmendral.cl\/SanFelipeAconcagua\/wp-content\/uploads\/2018\/05\/TIT-OBITUARIO-768x208.jpg 768w, https:\/\/funeralesalmendral.cl\/SanFelipeAconcagua\/wp-content\/uploads\/2018\/05\/TIT-OBITUARIO-1024x278.jpg 1024w\" sizes=\"auto, (max-width: 2028px) 100vw, 2028px\" \/><\/p>\n\n\n<div class=\"wp-block-query is-layout-flow wp-block-query-is-layout-flow\"><ul class=\"wp-block-post-template is-layout-flow wp-block-post-template-is-layout-flow\"><li class=\"wp-block-post post-4105 post type-post status-publish format-aside hentry category-obituario post_format-post-format-aside\">\n<h2 class=\"wp-block-post-title\"><a href=\"https:\/\/funeralesalmendral.cl\/SanFelipeAconcagua\/2025\/11\/11\/juanita-magdalena-rodriguez-saavedra\/\" target=\"_self\" >JUANITA MAGDALENA RODRIGUEZ SAAVEDRA<\/a><\/h2>\n\n\n\n<div class=\"wp-block-post-excerpt\"><p class=\"wp-block-post-excerpt__excerpt\">\ud83d\udd6f Con Inmenso dolor nuestra Familia Lamenta comunicar el sensible Fallecimiento de nuestra querida Madre, Abuela, Suegra, Hermana, T\u00eda y Amiga. \ud83d\udd4a JUANITA MAGDALENA RODRIGUEZ SAAVEDRA \ud83d\udd4a Quien falleci\u00f3 el d\u00eda Martes 11 de Noviembre. Sus Exequias est\u00e1n siendo veladas en el salon velatorio de la Iglesia Andacollo de San [&hellip;] <\/p><\/div>\n\n\n<hr class=\"wp-block-separator has-css-opacity\"\/>\n\n\n<div class=\"wp-block-post-date\"><time datetime=\"2025-11-11T12:29:35-04:00\">noviembre 11, 2025<\/time><\/div>\n<\/li><li class=\"wp-block-post post-4100 post type-post status-publish format-aside hentry category-obituario post_format-post-format-aside\">\n<h2 class=\"wp-block-post-title\"><a href=\"https:\/\/funeralesalmendral.cl\/SanFelipeAconcagua\/2025\/11\/06\/ramon-manuel-cepeda-bustos\/\" target=\"_self\" >RAMON MANUEL CEPEDA BUSTOS<\/a><\/h2>\n\n\n\n<div class=\"wp-block-post-excerpt\"><p class=\"wp-block-post-excerpt__excerpt\">\ud83d\udd6fCon Inmenso dolor nuestra Familia Lamenta comunicar el sensible Fallecimiento de nuestro querido Esposo, Padre, Abuelo, Hermano, T\u00edo y Amigo. \ud83d\udd4a RAMON MANUEL CEPEDA BUSTOS \ud83d\udd4a Quien falleci\u00f3 el d\u00eda 05 de Noviembre. Sus Exequias est\u00e1n siendo veladas en su casa ubicada en calle el Convento N\u00b0 57 el Almendral [&hellip;] <\/p><\/div>\n\n\n<hr class=\"wp-block-separator has-css-opacity\"\/>\n\n\n<div class=\"wp-block-post-date\"><time datetime=\"2025-11-06T09:37:18-04:00\">noviembre 6, 2025<\/time><\/div>\n<\/li><li class=\"wp-block-post post-4097 post type-post status-publish format-aside hentry category-obituario post_format-post-format-aside\">\n<h2 class=\"wp-block-post-title\"><a href=\"https:\/\/funeralesalmendral.cl\/SanFelipeAconcagua\/2025\/11\/02\/oscar-humberto-olguin-segovia\/\" target=\"_self\" >OSCAR HUMBERTO OLGUIN SEGOVIA<\/a><\/h2>\n\n\n\n<div class=\"wp-block-post-excerpt\"><p class=\"wp-block-post-excerpt__excerpt\">\ud83d\udd6fCon Inmenso dolor nuestra Familia Lamenta comunicar el sensible Fallecimiento de nuestro querido Padre, Abuelo, Hermano, T\u00edo y Amigo. \ud83d\udd4a OSCAR HUMBERTO OLGUIN SEGOVIA \ud83d\udd4a Quien falleci\u00f3 el d\u00eda Domingo 02 de Noviembre. Sus Exequias est\u00e1n siendo veladas en su casa ubicada en calle Jos\u00e9 Garc\u00eda Astudillo N\u00b0 3330 poblaci\u00f3n [&hellip;] <\/p><\/div>\n\n\n<hr class=\"wp-block-separator has-css-opacity\"\/>\n\n\n<div class=\"wp-block-post-date\"><time datetime=\"2025-11-02T14:11:44-04:00\">noviembre 2, 2025<\/time><\/div>\n<\/li><\/ul><\/div>\n","protected":false},"excerpt":{"rendered":"","protected":false},"author":1,"featured_media":0,"parent":0,"menu_order":0,"comment_status":"closed","ping_status":"closed","template":"","meta":{"footnotes":""},"class_list":["post-71","page","type-page","status-publish","hentry"],"_links":{"self":[{"href":"https:\/\/funeralesalmendral.cl\/SanFelipeAconcagua\/wp-json\/wp\/v2\/pages\/71","targetHints":{"allow":["GET"]}}],"collection":[{"href":"https:\/\/funeralesalmendral.cl\/SanFelipeAconcagua\/wp-json\/wp\/v2\/pages"}],"about":[{"href":"https:\/\/funeralesalmendral.cl\/SanFelipeAconcagua\/wp-json\/wp\/v2\/types\/page"}],"author":[{"embeddable":true,"href":"https:\/\/funeralesalmendral.cl\/SanFelipeAconcagua\/wp-json\/wp\/v2\/users\/1"}],"replies":[{"embeddable":true,"href":"https:\/\/funeralesalmendral.cl\/SanFelipeAconcagua\/wp-json\/wp\/v2\/comments?post=71"}],"version-history":[{"count":10,"href":"https:\/\/funeralesalmendral.cl\/SanFelipeAconcagua\/wp-json\/wp\/v2\/pages\/71\/revisions"}],"predecessor-version":[{"id":3182,"href":"https:\/\/funeralesalmendral.cl\/SanFelipeAconcagua\/wp-json\/wp\/v2\/pages\/71\/revisions\/3182"}],"wp:attachment":[{"href":"https:\/\/funeralesalmendral.cl\/SanFelipeAconcagua\/wp-json\/wp\/v2\/media?parent=71"}],"curies":[{"name":"wp","href":"https:\/\/api.w.org\/{rel}","templated":true}]}}